{"id":9613,"date":"2023-07-27T14:17:19","date_gmt":"2023-07-27T12:17:19","guid":{"rendered":"https:\/\/viback10.se\/kasse\/"},"modified":"2025-10-13T10:51:02","modified_gmt":"2025-10-13T08:51:02","slug":"kasse","status":"publish","type":"page","link":"https:\/\/viback10.se\/de\/kasse\/","title":{"rendered":"Kasse"},"content":{"rendered":"<div class=\"woocommerce\"><\/div>\n","protected":false},"excerpt":{"rendered":"","protected":false},"author":2,"featured_media":0,"parent":0,"menu_order":0,"comment_status":"closed","ping_status":"closed","template":"","meta":{"cozystay_single_page_hide_site_header":"","cozystay_single_page_site_header_source":"","cozystay_single_page_custom_site_header":"0","cozystay_single_page_custom_sticky_site_header":"0","cozystay_single_page_hide_page_title":"","cozystay_single_page_header_section_size":"","cozystay_single_page_header_background_color":"","cozystay_single_page_header_background_position_x":"center","cozystay_single_page_header_background_position_y":"center","cozystay_single_page_header_background_size":"cover","cozystay_single_page_header_background_repeat":"off","cozystay_single_page_header_background_scroll":"on","cozystay_single_page_header_text_color":"","cozystay_single_page_header_show_breadcrumb":"","cozystay_single_page_site_footer_hide_main":"","cozystay_single_custom_site_footer_main_source":"","cozystay_single_custom_site_footer_main":"0","cozystay_single_page_site_footer_hide_above":"","cozystay_single_custom_site_footer_above_source":"","cozystay_single_custom_site_footer_above":"0","cozystay_single_page_site_footer_hide_instagram":"","cozystay_single_page_site_footer_hide_bottom":"","cozystay_single_custom_mobile_menu_source":"","cozystay_single_custom_mobile_menu":"0","cozystay_single_custom_mobile_menu_animation":"","cozystay_single_custom_mobile_menu_width":"","cozystay_single_custom_mobile_menu_custom_width":375,"footnotes":""},"class_list":["post-9613","page","type-page","status-publish","hentry"],"yoast_head":"<!-- This site is optimized with the Yoast SEO plugin v26.2 - https:\/\/yoast.com\/wordpress\/plugins\/seo\/ -->\n<title>Kasse - Vib\u00e4ck 10<\/title>\n<meta name=\"robots\" content=\"index, follow, max-snippet:-1, max-image-preview:large, max-video-preview:-1\" \/>\n<link rel=\"canonical\" href=\"https:\/\/viback10.se\/de\/kasse\/\" \/>\n<meta property=\"og:locale\" content=\"de_DE\" \/>\n<meta property=\"og:type\" content=\"article\" \/>\n<meta property=\"og:title\" content=\"Kasse - Vib\u00e4ck 10\" \/>\n<meta property=\"og:url\" content=\"https:\/\/viback10.se\/de\/kasse\/\" \/>\n<meta property=\"og:site_name\" content=\"Vib\u00e4ck 10\" \/>\n<meta property=\"article:modified_time\" content=\"2025-10-13T08:51:02+00:00\" \/>\n<meta name=\"twitter:card\" content=\"summary_large_image\" \/>\n<script type=\"application\/ld+json\" class=\"yoast-schema-graph\">{\"@context\":\"https:\/\/schema.org\",\"@graph\":[{\"@type\":\"WebPage\",\"@id\":\"https:\/\/viback10.se\/de\/kasse\/\",\"url\":\"https:\/\/viback10.se\/de\/kasse\/\",\"name\":\"Kasse - Vib\u00e4ck 10\",\"isPartOf\":{\"@id\":\"https:\/\/viback10.se\/de\/#website\"},\"datePublished\":\"2023-07-27T12:17:19+00:00\",\"dateModified\":\"2025-10-13T08:51:02+00:00\",\"breadcrumb\":{\"@id\":\"https:\/\/viback10.se\/de\/kasse\/#breadcrumb\"},\"inLanguage\":\"de\",\"potentialAction\":[{\"@type\":\"ReadAction\",\"target\":[\"https:\/\/viback10.se\/de\/kasse\/\"]}]},{\"@type\":\"BreadcrumbList\",\"@id\":\"https:\/\/viback10.se\/de\/kasse\/#breadcrumb\",\"itemListElement\":[{\"@type\":\"ListItem\",\"position\":1,\"name\":\"Hem\",\"item\":\"https:\/\/viback10.se\/de\/heim\/\"},{\"@type\":\"ListItem\",\"position\":2,\"name\":\"Kasse\"}]},{\"@type\":\"WebSite\",\"@id\":\"https:\/\/viback10.se\/de\/#website\",\"url\":\"https:\/\/viback10.se\/de\/\",\"name\":\"Vib\u00e4ck 10\",\"description\":\"Vib\u00e4ck10 - ett sk\u00e4rg\u00e5rdsparadis\",\"publisher\":{\"@id\":\"https:\/\/viback10.se\/de\/#organization\"},\"potentialAction\":[{\"@type\":\"SearchAction\",\"target\":{\"@type\":\"EntryPoint\",\"urlTemplate\":\"https:\/\/viback10.se\/de\/?s={search_term_string}\"},\"query-input\":{\"@type\":\"PropertyValueSpecification\",\"valueRequired\":true,\"valueName\":\"search_term_string\"}}],\"inLanguage\":\"de\"},{\"@type\":\"Organization\",\"@id\":\"https:\/\/viback10.se\/de\/#organization\",\"name\":\"Vib\u00e4ck 10\",\"url\":\"https:\/\/viback10.se\/de\/\",\"logo\":{\"@type\":\"ImageObject\",\"inLanguage\":\"de\",\"@id\":\"https:\/\/viback10.se\/de\/#\/schema\/logo\/image\/\",\"url\":\"https:\/\/viback10.se\/wp-content\/uploads\/2023\/11\/LoggaViback10_350.png\",\"contentUrl\":\"https:\/\/viback10.se\/wp-content\/uploads\/2023\/11\/LoggaViback10_350.png\",\"width\":351,\"height\":59,\"caption\":\"Vib\u00e4ck 10\"},\"image\":{\"@id\":\"https:\/\/viback10.se\/de\/#\/schema\/logo\/image\/\"}}]}<\/script>\n<!-- \/ Yoast SEO plugin. -->","yoast_head_json":{"title":"Kasse - Vib\u00e4ck 10","robots":{"index":"index","follow":"follow","max-snippet":"max-snippet:-1","max-image-preview":"max-image-preview:large","max-video-preview":"max-video-preview:-1"},"canonical":"https:\/\/viback10.se\/de\/kasse\/","og_locale":"de_DE","og_type":"article","og_title":"Kasse - Vib\u00e4ck 10","og_url":"https:\/\/viback10.se\/de\/kasse\/","og_site_name":"Vib\u00e4ck 10","article_modified_time":"2025-10-13T08:51:02+00:00","twitter_card":"summary_large_image","schema":{"@context":"https:\/\/schema.org","@graph":[{"@type":"WebPage","@id":"https:\/\/viback10.se\/de\/kasse\/","url":"https:\/\/viback10.se\/de\/kasse\/","name":"Kasse - Vib\u00e4ck 10","isPartOf":{"@id":"https:\/\/viback10.se\/de\/#website"},"datePublished":"2023-07-27T12:17:19+00:00","dateModified":"2025-10-13T08:51:02+00:00","breadcrumb":{"@id":"https:\/\/viback10.se\/de\/kasse\/#breadcrumb"},"inLanguage":"de","potentialAction":[{"@type":"ReadAction","target":["https:\/\/viback10.se\/de\/kasse\/"]}]},{"@type":"BreadcrumbList","@id":"https:\/\/viback10.se\/de\/kasse\/#breadcrumb","itemListElement":[{"@type":"ListItem","position":1,"name":"Hem","item":"https:\/\/viback10.se\/de\/heim\/"},{"@type":"ListItem","position":2,"name":"Kasse"}]},{"@type":"WebSite","@id":"https:\/\/viback10.se\/de\/#website","url":"https:\/\/viback10.se\/de\/","name":"Vib\u00e4ck 10","description":"Vib\u00e4ck10 - ett sk\u00e4rg\u00e5rdsparadis","publisher":{"@id":"https:\/\/viback10.se\/de\/#organization"},"potentialAction":[{"@type":"SearchAction","target":{"@type":"EntryPoint","urlTemplate":"https:\/\/viback10.se\/de\/?s={search_term_string}"},"query-input":{"@type":"PropertyValueSpecification","valueRequired":true,"valueName":"search_term_string"}}],"inLanguage":"de"},{"@type":"Organization","@id":"https:\/\/viback10.se\/de\/#organization","name":"Vib\u00e4ck 10","url":"https:\/\/viback10.se\/de\/","logo":{"@type":"ImageObject","inLanguage":"de","@id":"https:\/\/viback10.se\/de\/#\/schema\/logo\/image\/","url":"https:\/\/viback10.se\/wp-content\/uploads\/2023\/11\/LoggaViback10_350.png","contentUrl":"https:\/\/viback10.se\/wp-content\/uploads\/2023\/11\/LoggaViback10_350.png","width":351,"height":59,"caption":"Vib\u00e4ck 10"},"image":{"@id":"https:\/\/viback10.se\/de\/#\/schema\/logo\/image\/"}}]}},"_links":{"self":[{"href":"https:\/\/viback10.se\/de\/wp-json\/wp\/v2\/pages\/9613","targetHints":{"allow":["GET"]}}],"collection":[{"href":"https:\/\/viback10.se\/de\/wp-json\/wp\/v2\/pages"}],"about":[{"href":"https:\/\/viback10.se\/de\/wp-json\/wp\/v2\/types\/page"}],"author":[{"embeddable":true,"href":"https:\/\/viback10.se\/de\/wp-json\/wp\/v2\/users\/2"}],"replies":[{"embeddable":true,"href":"https:\/\/viback10.se\/de\/wp-json\/wp\/v2\/comments?post=9613"}],"version-history":[{"count":1,"href":"https:\/\/viback10.se\/de\/wp-json\/wp\/v2\/pages\/9613\/revisions"}],"predecessor-version":[{"id":9614,"href":"https:\/\/viback10.se\/de\/wp-json\/wp\/v2\/pages\/9613\/revisions\/9614"}],"wp:attachment":[{"href":"https:\/\/viback10.se\/de\/wp-json\/wp\/v2\/media?parent=9613"}],"curies":[{"name":"wp","href":"https:\/\/api.w.org\/{rel}","templated":true}]}}